{"id":1001,"date":"2015-10-17T12:15:53","date_gmt":"2015-10-17T12:15:53","guid":{"rendered":"http:\/\/www.boogiewonderstars.info\/?page_id=1001"},"modified":"2018-04-01T21:39:17","modified_gmt":"2018-04-01T21:39:17","slug":"vita","status":"publish","type":"page","link":"https:\/\/www.boogiewonderstars.info\/?page_id=1001","title":{"rendered":"VITA"},"content":{"rendered":"<p>Die\u00a0Idee zum Projekt <strong>BOOGIE WONDER STARS<\/strong> im Jahr 2005 war gewisserma\u00dfen logisch. Die Musiker\u00a0um Bassmann und Bandleader Igor Selsek waren alle hei\u00df auf Funk und Soul und spielten <a href=\"https:\/\/www.boogiewonderstars.info\/wp-content\/uploads\/2015\/10\/logonew.png\"><img decoding=\"async\" loading=\"lazy\" style=\"float: left;\" src=\"https:\/\/www.boogiewonderstars.info\/wp-content\/uploads\/2015\/10\/logonew.png\" alt=\"logonew\" width=\"125\" height=\"128\" \/><\/a>schon Jahre zuvor mit dem Gedanken die Musik mal umzusetzen die alle auch im Plattenschrank haben &#8211; EARTH WIND &amp; FIRE &#8211; . Gesagt getan konnten in kurzer Zeit viele erstklassige Musiker f\u00fcr das Projekt gewonnen werden so zum Beispiel Marco Matias,\u00a0der in Deutschland durch die Casting-Show <i>Die deutsche Stimme<\/i> im Jahr 2003 bekannt geworden ist. Die Entwicklung hatte in der Folge auch einige Umbesetzungen. So wurden f\u00fcr die Vocals weitere gro\u00dfartige K\u00fcnstler gewonnen wie Juliane Pasternak, Natalie Noll (Projekte Just Pink etc. ), Frauke Harder (Frauensache, Tommy Engel) und seit 2010 auch Multitalent Basti Strempel.<\/p>\n<p>&nbsp;<\/p>\n<p><strong>GIGS<br \/>\n<\/strong><\/p>\n<p>GA Bonn :&#8220;Den Auftakt machte die Bonner Earth, Wind &amp; Fire-Coverband Boogie Wonder Stars. Die Truppe um die S\u00e4nger Juliane Pasternak und Sebastian Strempel lie\u00dfen die Discozeit der 70er aufleben, und das mit so viel Spa\u00df und Groove, dass selbst Jan Delay sp\u00e4ter anerkennend um Applaus f\u00fcr die Bonner bat.&#8220;<\/p>\n<p><strong>30.6.2012 Kunstrasen Bonn Support Jan Delay<\/strong><\/p>\n<p><a href=\"https:\/\/www.boogiewonderstars.info\/wp-content\/uploads\/2015\/10\/Jan-Delay.jpg\"><img decoding=\"async\" loading=\"lazy\" class=\"wp-image-1034 size-full\" src=\"https:\/\/www.boogiewonderstars.info\/wp-content\/uploads\/2015\/10\/Jan-Delay.jpg\" alt=\"Jan-Delay\" width=\"460\" height=\"345\" srcset=\"https:\/\/www.boogiewonderstars.info\/wp-content\/uploads\/2015\/10\/Jan-Delay.jpg 460w, https:\/\/www.boogiewonderstars.info\/wp-content\/uploads\/2015\/10\/Jan-Delay-200x150.jpg 200w, https:\/\/www.boogiewonderstars.info\/wp-content\/uploads\/2015\/10\/Jan-Delay-190x143.jpg 190w\" sizes=\"(max-width: 460px) 100vw, 460px\" \/><\/a><\/p>\n<p><a href=\"https:\/\/www.boogiewonderstars.info\/wp-content\/uploads\/2015\/10\/Kunstrasen.jpg\"><img decoding=\"async\" loading=\"lazy\" class=\"alignnone wp-image-1044\" src=\"https:\/\/www.boogiewonderstars.info\/wp-content\/uploads\/2015\/10\/Kunstrasen.jpg\" alt=\"\" width=\"460\" height=\"258\" srcset=\"https:\/\/www.boogiewonderstars.info\/wp-content\/uploads\/2015\/10\/Kunstrasen.jpg 500w, https:\/\/www.boogiewonderstars.info\/wp-content\/uploads\/2015\/10\/Kunstrasen-200x112.jpg 200w, https:\/\/www.boogiewonderstars.info\/wp-content\/uploads\/2015\/10\/Kunstrasen-190x107.jpg 190w\" sizes=\"(max-width: 460px) 100vw, 460px\" \/><\/a><\/p>\n<p>&nbsp;<\/p>\n<div id=\"manualitems\">\n<div><\/div>\n<h2 class=\"bodytext\">Live-Referenzen<\/h2>\n<p>26.07.2009 Support Joss Stone Museumsmeile Bonn<br \/>\n13.07.2010 Jazztage D\u00fcren<br \/>\n06.09.2010 PVSEC Valencia<br \/>\n30.10.2010 Harmonie Bonn<br \/>\n07.02.2011 BEE Berlin<br \/>\n05.03.2011 Beethovenhalle Bonn<br \/>\n26.05.2011 LBSA Berlin<br \/>\n02.07.2011 Burgfest Troisdorf<br \/>\n09.07.2011 B\u00fcrgerstiftung Godesberg<br \/>\n26.08.2011 7MMN Bad Honnef<br \/>\n30.10.2011 Harmonie Bonn<br \/>\n11.02.2012 D\u00fcsseldorf Hilden Sportm\u00fchle<br \/>\n02.06.2012 Solingen mit den original Zillertaler Sch\u00fcrzenj\u00e4gern<br \/>\n30.06.2012 Support Jan Delay, Kunst!Rasen Bonn<br \/>\n28.08.2012 Rheinpavillon Bonn<br \/>\n28.09.2012 Harmonie Bonn<br \/>\n04.05.2013 Stadtfest Altenkirchen 19:30<br \/>\n25.05.2013 Stadtfest Olpe<br \/>\n12.07.2013 B\u00fcrgerfest Burg Wissem<br \/>\n13.07.2013 Bonn (geschl. Gesellschaft)<br \/>\n22.08.2013 Rheinpavillon<br \/>\n14.09.2013 Stadtfest Hennef<br \/>\n03.11.2013 Stadtfest Kirchen<br \/>\n20.12.2013 Benefiz Beethovenhalle<br \/>\n14.06.2014 Kubana Siegburg<br \/>\n30.10.2014 Harmonie Bonn<br \/>\n16.12.2014 Kantine K\u00f6ln<br \/>\n19.08.2015 Godesurg Bonn<br \/>\n28.08.2015 Rheinpavillon<br \/>\n01.10.2015 Harmonie Bonn<br \/>\n23.08.2016 Rheinpavillon<\/p>\n<\/div>\n<p>&nbsp;<\/p>\n","protected":false},"excerpt":{"rendered":"<p>Die\u00a0Idee zum Projekt BOOGIE WONDER STARS im Jahr 2005 war gewisserma\u00dfen logisch. Die Musiker\u00a0um Bassmann und Bandleader Igor Selsek waren alle hei\u00df auf Funk und Soul und spielten schon Jahre zuvor mit dem Gedanken die Musik mal umzusetzen die alle auch im Plattenschrank haben &#8211; EARTH WIND &amp; FIRE &#8211; . Gesagt getan konnten in&hellip; <a href=\"https:\/\/www.boogiewonderstars.info\/?page_id=1001\" class=\"read-more\">Continue reading VITA<\/a><\/p>\n","protected":false},"author":1,"featured_media":0,"parent":113,"menu_order":0,"comment_status":"closed","ping_status":"closed","template":"","meta":[],"_links":{"self":[{"href":"https:\/\/www.boogiewonderstars.info\/index.php?rest_route=\/wp\/v2\/pages\/1001"}],"collection":[{"href":"https:\/\/www.boogiewonderstars.info\/index.php?rest_route=\/wp\/v2\/pages"}],"about":[{"href":"https:\/\/www.boogiewonderstars.info\/index.php?rest_route=\/wp\/v2\/types\/page"}],"author":[{"embeddable":true,"href":"https:\/\/www.boogiewonderstars.info\/index.php?rest_route=\/wp\/v2\/users\/1"}],"replies":[{"embeddable":true,"href":"https:\/\/www.boogiewonderstars.info\/index.php?rest_route=%2Fwp%2Fv2%2Fcomments&post=1001"}],"version-history":[{"count":30,"href":"https:\/\/www.boogiewonderstars.info\/index.php?rest_route=\/wp\/v2\/pages\/1001\/revisions"}],"predecessor-version":[{"id":1134,"href":"https:\/\/www.boogiewonderstars.info\/index.php?rest_route=\/wp\/v2\/pages\/1001\/revisions\/1134"}],"up":[{"embeddable":true,"href":"https:\/\/www.boogiewonderstars.info\/index.php?rest_route=\/wp\/v2\/pages\/113"}],"wp:attachment":[{"href":"https:\/\/www.boogiewonderstars.info\/index.php?rest_route=%2Fwp%2Fv2%2Fmedia&parent=1001"}],"curies":[{"name":"wp","href":"https:\/\/api.w.org\/{rel}","templated":true}]}}