{"id":1283,"date":"2024-01-21T18:47:16","date_gmt":"2024-01-21T18:47:16","guid":{"rendered":"http:\/\/www.boogiewonderstars.info\/?page_id=1283"},"modified":"2024-01-21T18:48:56","modified_gmt":"2024-01-21T18:48:56","slug":"impressum","status":"publish","type":"page","link":"https:\/\/www.boogiewonderstars.info\/?page_id=1283","title":{"rendered":"IMPRESSUM"},"content":{"rendered":"<div id=\"cc-m-13711163996\" class=\"j-module n j-header \">\n<h1 id=\"cc-m-header-13711163996\" class=\"\"><span style=\"font-size: 16px;\">Boogie Wonder Stars<\/span><\/h1>\n<\/div>\n<div id=\"cc-m-13711164296\" class=\"j-module n j-text \">\n<p>Michael J. Schmidt, Waldmeisenweg 8, 53127<\/p>\n<p>Haftung f\u00fcr Links<\/p>\n<p>Unser Angebot enth\u00e4lt Links zu externen Webseiten Dritter, auf deren Inhalte wir keinen Einfluss haben. Deshalb k\u00f6nnen wir f\u00fcr diese fremden Inhalte auch keine Gew\u00e4hr \u00fcbernehmen. F\u00fcr die Inhalte der verlinkten Seiten ist stets der jeweilige Anbieter oder Betreiber der Seiten verantwortlich. Die verlinkten Seiten wurden zum Zeitpunkt der Verlinkung auf m\u00f6gliche Rechtsverst\u00f6\u00dfe \u00fcberpr\u00fcft. Rechtswidrige Inhalte waren zum Zeitpunkt der Verlinkung nicht erkennbar. Eine permanente inhaltliche Kontrolle der verlinkten Seiten ist jedoch ohne konkrete Anhaltspunkte einer Rechtsverletzung nicht zumutbar. Bei bekannt werden von Rechtsverletzungen werden wir derartige Links umgehend entfernen.<\/p>\n<\/div>\n","protected":false},"excerpt":{"rendered":"<p>Boogie Wonder Stars Michael J. Schmidt, Waldmeisenweg 8, 53127 Haftung f\u00fcr Links Unser Angebot enth\u00e4lt Links zu externen Webseiten Dritter, auf deren Inhalte wir keinen Einfluss haben. Deshalb k\u00f6nnen wir f\u00fcr diese fremden Inhalte auch keine Gew\u00e4hr \u00fcbernehmen. F\u00fcr die Inhalte der verlinkten Seiten ist stets der jeweilige Anbieter oder Betreiber der Seiten verantwortlich. Die&hellip; <a href=\"https:\/\/www.boogiewonderstars.info\/?page_id=1283\" class=\"read-more\">Continue reading IMPRESSUM<\/a><\/p>\n","protected":false},"author":1,"featured_media":0,"parent":0,"menu_order":0,"comment_status":"closed","ping_status":"closed","template":"","meta":[],"_links":{"self":[{"href":"https:\/\/www.boogiewonderstars.info\/index.php?rest_route=\/wp\/v2\/pages\/1283"}],"collection":[{"href":"https:\/\/www.boogiewonderstars.info\/index.php?rest_route=\/wp\/v2\/pages"}],"about":[{"href":"https:\/\/www.boogiewonderstars.info\/index.php?rest_route=\/wp\/v2\/types\/page"}],"author":[{"embeddable":true,"href":"https:\/\/www.boogiewonderstars.info\/index.php?rest_route=\/wp\/v2\/users\/1"}],"replies":[{"embeddable":true,"href":"https:\/\/www.boogiewonderstars.info\/index.php?rest_route=%2Fwp%2Fv2%2Fcomments&post=1283"}],"version-history":[{"count":3,"href":"https:\/\/www.boogiewonderstars.info\/index.php?rest_route=\/wp\/v2\/pages\/1283\/revisions"}],"predecessor-version":[{"id":1287,"href":"https:\/\/www.boogiewonderstars.info\/index.php?rest_route=\/wp\/v2\/pages\/1283\/revisions\/1287"}],"wp:attachment":[{"href":"https:\/\/www.boogiewonderstars.info\/index.php?rest_route=%2Fwp%2Fv2%2Fmedia&parent=1283"}],"curies":[{"name":"wp","href":"https:\/\/api.w.org\/{rel}","templated":true}]}}