{"id":406,"date":"2015-09-12T21:52:09","date_gmt":"2015-09-12T21:52:09","guid":{"rendered":"http:\/\/www.boogiewonderstars.info\/?page_id=406"},"modified":"2017-04-20T19:56:18","modified_gmt":"2017-04-20T19:56:18","slug":"gaestebuch","status":"publish","type":"page","link":"https:\/\/www.boogiewonderstars.info\/?page_id=406","title":{"rendered":"G\u00c4STEBUCH"},"content":{"rendered":"<p><a href=\"https:\/\/www.boogiewonderstars.info\/wp-content\/uploads\/2015\/09\/BandInfo.jpg\"><img decoding=\"async\" loading=\"lazy\" class=\" wp-image-254 alignright\" src=\"https:\/\/www.boogiewonderstars.info\/wp-content\/uploads\/2015\/09\/BandInfo-1024x768.jpg\" alt=\"BandInfo\" width=\"575\" height=\"475\" \/><\/a>Hallo Leute!<\/p>\n<p>Danke f\u00fcr Euren Input<\/p>\n<p>Eure Boogies!<\/p>\n<p><a href=\"https:\/\/www.boogiewonderstars.info\/wp-content\/uploads\/2015\/09\/logo_neu1.png\"><img decoding=\"async\" loading=\"lazy\" class=\"alignnone size-full wp-image-825\" src=\"https:\/\/www.boogiewonderstars.info\/wp-content\/uploads\/2015\/09\/logo_neu1.png\" alt=\"logo_neu1\" width=\"148\" height=\"135\" \/><\/a><\/p>\n<div class=\"gwolle-gb\"><div class=\"gwolle_gb_messages_top_container gwolle-gb-messages-top-container\"><\/div>\n\t\t\t<div class=\"gwolle-gb-write-button\">\n\t\t\t\t<input type=\"button\" name=\"gwolle-gb-write-button\" class=\"button btn btn-default \" value=\"Neuen Eintrag schreiben\" aria-expanded=\"false\" \/>\n\t\t\t<\/div>\n\t\t\t<form action=\"#\" method=\"POST\" class=\"gwolle-gb-write gwolle-gb-hide gwolle-gb-float gwolle_gb_form_ajax gwolle-gb-form-ajax gwolle-gb-ajax gwolle-gb-not-logged-in\">\n\t\t\t\t<h3>Einen neuen Eintrag f\u00fcr das G\u00e4stebuch schreiben<\/h3>\n\t\t\t\t<button type=\"button\" class=\"gb-notice-dismiss\">x<span class=\"screen-reader-text\">Dieses Formular ausblenden<\/span><\/button>\n\t\t\t\n\t\t\t\t<input type=\"hidden\" name=\"gwolle_gb_function\" class=\"gwolle_gb_function\" value=\"add_entry\" \/><input type=\"hidden\" name=\"gwolle_gb_book_id\" class=\"gwolle_gb_book_id\" value=\"1\" \/><div class=\"gwolle_gb_6ef794e30316286195725ce1be3b66a7\">\n\t\t\t\t<div class=\"label\"><label for=\"gwolle_gb_6ef794e30316286195725ce1be3b66a7-1\" class=\"text-info\">Name <span class=\"required\">*<\/span><\/label><\/div>\n\t\t\t\t<div class=\"input\"><input class=\"wp-exclude-emoji gwolle_gb_6ef794e30316286195725ce1be3b66a7\" value=\"\" type=\"text\" id=\"gwolle_gb_6ef794e30316286195725ce1be3b66a7-1\" name=\"gwolle_gb_6ef794e30316286195725ce1be3b66a7\" required \/><\/div>\n\t\t\t\t<div class=\"clearBoth\">&nbsp;<\/div>\n\t\t\t<\/div><div class=\"gwolle_gb_ac56e129486521a42d6f8cf715672663\">\n\t\t\t\t\t<div class=\"label\"><label for=\"gwolle_gb_ac56e129486521a42d6f8cf715672663-1\" class=\"text-info\">Stadt<\/label><\/div>\n\t\t\t\t\t<div class=\"input\"><input class=\"wp-exclude-emoji gwolle_gb_ac56e129486521a42d6f8cf715672663\" value=\"\" type=\"text\" id=\"gwolle_gb_ac56e129486521a42d6f8cf715672663-1\" name=\"gwolle_gb_ac56e129486521a42d6f8cf715672663\" \/><\/div>\n\t\t\t\t\t<div class=\"clearBoth\">&nbsp;<\/div>\n\t\t\t\t<\/div><div class=\"gwolle_gb_8014b0622099f339b1b873ede16a19a8\">\n\t\t\t\t<div class=\"label\"><label for=\"gwolle_gb_8014b0622099f339b1b873ede16a19a8-1\" class=\"text-info\">E-Mail <span class=\"required\">*<\/span><\/label><\/div>\n\t\t\t\t<div class=\"input\"><input class=\"gwolle_gb_8014b0622099f339b1b873ede16a19a8\" value=\"\" type=\"email\" id=\"gwolle_gb_8014b0622099f339b1b873ede16a19a8-1\" name=\"gwolle_gb_8014b0622099f339b1b873ede16a19a8\" required \/><\/div>\n\t\t\t\t<div class=\"clearBoth\">&nbsp;<\/div>\n\t\t\t<\/div>\n\t\t\t<div class=\"gwolle_gb_3e1e60f62becc8103f7f8669a07f7620\" style=\"display:none;overflow:hidden;\" hidden=\"true\" aria-hidden=\"true\">\n\t\t\t\t<div class=\"label\">\n\t\t\t\t\t<label for=\"gwolle_gb_3e1e60f62becc8103f7f8669a07f7620-1\" class=\"text-primary\">Hier nichts eingeben<\/label>\n\t\t\t\t\t<label for=\"gwolle_gb_dea5e43cd1f9d889860d5ace205c7c6c-1\" class=\"text-primary\">Hier nichts eingeben<\/label>\n\t\t\t\t<\/div>\n\t\t\t\t<div class=\"input\">\n\t\t\t\t\t<input value=\"16\" type=\"text\" id=\"gwolle_gb_3e1e60f62becc8103f7f8669a07f7620-1\" name=\"gwolle_gb_3e1e60f62becc8103f7f8669a07f7620\" class=\"gwolle_gb_3e1e60f62becc8103f7f8669a07f7620\" style=\"transform: translateY(10000px);\" \/>\n\t\t\t\t\t<input value=\"\" type=\"text\" name=\"gwolle_gb_dea5e43cd1f9d889860d5ace205c7c6c\" id=\"gwolle_gb_dea5e43cd1f9d889860d5ace205c7c6c-1\" class=\"gwolle_gb_dea5e43cd1f9d889860d5ace205c7c6c\" style=\"transform: translateY(10000px);\" \/>\n\t\t\t\t<\/div>\n\t\t\t\t<div class=\"clearBoth\"><\/div>\n\t\t\t<\/div>\n\t\t\t<div class=\"gwolle_gb_c630305e03e67a220ca7daace804eee0\" style=\"display:none;overflow:hidden;\" hidden=\"true\" aria-hidden=\"true\">\n\t\t\t\t<div class=\"label\">\n\t\t\t\t\t<label for=\"gwolle_gb_c630305e03e67a220ca7daace804eee0-1\" class=\"text-primary\">Hier nichts eingeben<\/label>\n\t\t\t\t\t<label for=\"gwolle_gb_14c7e80be9b87fcf5c52807740550d9f-1\" class=\"text-primary\">Hier nichts eingeben<\/label>\n\t\t\t\t<\/div>\n\t\t\t\t<div class=\"input\">\n\t\t\t\t\t<input value=\"50833\" type=\"text\" id=\"gwolle_gb_c630305e03e67a220ca7daace804eee0-1\" name=\"gwolle_gb_c630305e03e67a220ca7daace804eee0\" class=\"gwolle_gb_c630305e03e67a220ca7daace804eee0\" style=\"transform: translateY(10000px);\" \/>\n\t\t\t\t\t<input value=\"50833\" type=\"text\"id=\"gwolle_gb_14c7e80be9b87fcf5c52807740550d9f-1\" name=\"gwolle_gb_14c7e80be9b87fcf5c52807740550d9f\" class=\"gwolle_gb_14c7e80be9b87fcf5c52807740550d9f\" style=\"transform: translateY(10000px);\" \/>\n\t\t\t\t<\/div>\n\t\t\t\t<div class=\"clearBoth\"><\/div>\n\t\t\t<\/div><div class=\"gwolle_gb_content\">\n\t\t\t\t<div class=\"label\"><label for=\"gwolle_gb_content-1\" class=\"text-info\">G\u00e4stebucheintrag <span class=\"required\">*<\/span><\/label><\/div>\n\t\t\t\t<div class=\"input\"><textarea id=\"gwolle_gb_content-1\" name=\"gwolle_gb_content\" class=\"gwolle_gb_content wp-exclude-emoji\" required ><\/textarea><\/div>\n\t\t\t\t\t<div class=\"clearBoth\">&nbsp;<\/div>\n\t\t\t\t<\/div><input type=\"hidden\" class=\"gwolle_gb_cacfc58baa3deeafa2c9f34aa838ff94\" id=\"gwolle_gb_cacfc58baa3deeafa2c9f34aa838ff94-1\" name=\"gwolle_gb_cacfc58baa3deeafa2c9f34aa838ff94\" value=\"7d74fb7a5b\" \/>\n\t\t\t<div class=\"gwolle_gb_messages_bottom_container gwolle-gb-messages-bottom-container\"><\/div>\n\n\t\t\t<noscript><div class=\"no-js\">Warnung: Dieses Formular kann nur verwendet werden, wenn in deinem Browser JavaScript aktiviert ist.<\/div><\/noscript>\n\n\t\t\t<div class=\"gwolle_gb_submit\">\n\t\t\t\t<div class=\"label gwolle-gb-invisible text-muted\">&nbsp;<\/div>\n\t\t\t\t<div class=\"input\">\n\t\t\t\t\t<input type=\"submit\" name=\"gwolle_gb_submit\" class=\"gwolle_gb_submit button btn btn-primary \" value=\"Absenden\" \/>\n\t\t\t\t\t<span class=\"gwolle_gb_submit_ajax_icon\"><\/span>\n\t\t\t\n\t\t\t\t<\/div>\n\t\t\t\t<div class=\"clearBoth\">&nbsp;<\/div>\n\t\t\t<\/div>\n\n\t\t\t<div class=\"gwolle_gb_notice\">\n\t\t\t\tMit * gekennzeichnete Felder sind Pflichtfelder.<br \/>\r\nIhre E-Mail-Adresse wird nicht ver\u00f6ffentlicht.<br \/>\r\nEs k\u00f6nnte sein, dass Ihr Eintrag im G\u00e4stebuch erst sichtbar ist, nachdem wir ihn gepr\u00fcft haben.<br \/>\r\nWir behalten uns das Recht vor, Eintr\u00e4ge zu bearbeiten, zu l\u00f6schen oder Eintr\u00e4ge nicht zu ver\u00f6ffentlichen.\n\t\t\t<\/div><\/form><div class=\"gwolle-gb-read gwolle-gb-ajax gwolle-gb-entries-list\" data-book_id=\"1\">(Noch keine Eintr\u00e4ge)<\/div><\/div>\n","protected":false},"excerpt":{"rendered":"<p>Hallo Leute! Danke f\u00fcr Euren Input Eure Boogies!<\/p>\n","protected":false},"author":1,"featured_media":0,"parent":0,"menu_order":0,"comment_status":"closed","ping_status":"closed","template":"","meta":[],"_links":{"self":[{"href":"https:\/\/www.boogiewonderstars.info\/index.php?rest_route=\/wp\/v2\/pages\/406"}],"collection":[{"href":"https:\/\/www.boogiewonderstars.info\/index.php?rest_route=\/wp\/v2\/pages"}],"about":[{"href":"https:\/\/www.boogiewonderstars.info\/index.php?rest_route=\/wp\/v2\/types\/page"}],"author":[{"embeddable":true,"href":"https:\/\/www.boogiewonderstars.info\/index.php?rest_route=\/wp\/v2\/users\/1"}],"replies":[{"embeddable":true,"href":"https:\/\/www.boogiewonderstars.info\/index.php?rest_route=%2Fwp%2Fv2%2Fcomments&post=406"}],"version-history":[{"count":34,"href":"https:\/\/www.boogiewonderstars.info\/index.php?rest_route=\/wp\/v2\/pages\/406\/revisions"}],"predecessor-version":[{"id":1153,"href":"https:\/\/www.boogiewonderstars.info\/index.php?rest_route=\/wp\/v2\/pages\/406\/revisions\/1153"}],"wp:attachment":[{"href":"https:\/\/www.boogiewonderstars.info\/index.php?rest_route=%2Fwp%2Fv2%2Fmedia&parent=406"}],"curies":[{"name":"wp","href":"https:\/\/api.w.org\/{rel}","templated":true}]}}